{"id":289,"date":"2023-03-26T20:21:56","date_gmt":"2023-03-26T23:21:56","guid":{"rendered":"https:\/\/123dedetizadora.com\/?page_id=289"},"modified":"2025-10-13T12:17:49","modified_gmt":"2025-10-13T15:17:49","slug":"descupinizacao","status":"publish","type":"page","link":"https:\/\/123dedetizadora.com\/index.php\/descupinizacao\/","title":{"rendered":"descupiniza\u00e7\u00e3o"},"content":{"rendered":"\t\t<div data-elementor-type=\"wp-page\" data-elementor-id=\"289\" class=\"elementor elementor-289\">\n\t\t\t\t\t\t\t<div class=\"elementor-element elementor-element-da8b001 e-con-boxed e-con\" data-id=\"da8b001\" data-element_type=\"container\" data-settings=\"{&quot;background_background&quot;:&quot;classic&quot;,&quot;content_width&quot;:&quot;boxed&quot;}\">\n\t\t\t\t\t<div class=\"e-con-inner\">\n\t\t\t\t<div class=\"elementor-element elementor-element-045ab04 elementor-widget elementor-widget-heading\" data-id=\"045ab04\" data-element_type=\"widget\" data-widget_type=\"heading.default\">\n\t\t\t\t<div class=\"elementor-widget-container\">\n\t\t\t<style>\/*! elementor - v3.11.5 - 14-03-2023 *\/\n.elementor-heading-title{padding:0;margin:0;line-height:1}.elementor-widget-heading .elementor-heading-title[class*=elementor-size-]>a{color:inherit;font-size:inherit;line-height:inherit}.elementor-widget-heading .elementor-heading-title.elementor-size-small{font-size:15px}.elementor-widget-heading .elementor-heading-title.elementor-size-medium{font-size:19px}.elementor-widget-heading .elementor-heading-title.elementor-size-large{font-size:29px}.elementor-widget-heading .elementor-heading-title.elementor-size-xl{font-size:39px}.elementor-widget-heading .elementor-heading-title.elementor-size-xxl{font-size:59px}<\/style><h1 class=\"elementor-heading-title elementor-size-default\">Descupiniza\u00e7\u00e3o<\/h1>\t\t<\/div>\n\t\t\t\t<\/div>\n\t\t\t\t\t<\/div>\n\t\t\t\t<\/div>\n\t\t<div class=\"elementor-element elementor-element-c0b94bb e-con-boxed e-con\" data-id=\"c0b94bb\" data-element_type=\"container\" data-settings=\"{&quot;content_width&quot;:&quot;boxed&quot;}\">\n\t\t\t\t\t<div class=\"e-con-inner\">\n\t\t<div class=\"elementor-element elementor-element-1b304f8 e-con-full e-con\" data-id=\"1b304f8\" data-element_type=\"container\" data-settings=\"{&quot;content_width&quot;:&quot;full&quot;}\">\n\t\t\t\t<div class=\"elementor-element elementor-element-8a7442a elementor-widget elementor-widget-heading\" data-id=\"8a7442a\" data-element_type=\"widget\" data-widget_type=\"heading.default\">\n\t\t\t\t<div class=\"elementor-widget-container\">\n\t\t\t<h2 class=\"elementor-heading-title elementor-size-default\">D\u00ea adeus ao problema de cupins em moveis e madeira<\/h2>\t\t<\/div>\n\t\t\t\t<\/div>\n\t\t\t\t<div class=\"elementor-element elementor-element-a3f6a86 elementor-widget elementor-widget-text-editor\" data-id=\"a3f6a86\" data-element_type=\"widget\" data-widget_type=\"text-editor.default\">\n\t\t\t\t<div class=\"elementor-widget-container\">\n\t\t\t<style>\/*! elementor - v3.11.5 - 14-03-2023 *\/\n.elementor-widget-text-editor.elementor-drop-cap-view-stacked .elementor-drop-cap{background-color:#818a91;color:#fff}.elementor-widget-text-editor.elementor-drop-cap-view-framed .elementor-drop-cap{color:#818a91;border:3px solid;background-color:transparent}.elementor-widget-text-editor:not(.elementor-drop-cap-view-default) .elementor-drop-cap{margin-top:8px}.elementor-widget-text-editor:not(.elementor-drop-cap-view-default) .elementor-drop-cap-letter{width:1em;height:1em}.elementor-widget-text-editor .elementor-drop-cap{float:left;text-align:center;line-height:1;font-size:50px}.elementor-widget-text-editor .elementor-drop-cap-letter{display:inline-block}<\/style>\t\t\t\t<p>Os cupins s\u00e3o pragas silenciosas que podem causar danos graves \u00e0 estrutura de madeira de resid\u00eancias e estabelecimentos comerciais. Eles se alimentam de celulose, presente na madeira e em outros materiais org\u00e2nicos, como papel e papel\u00e3o. O controle efetivo dessas pragas exige a realiza\u00e7\u00e3o da descupiniza\u00e7\u00e3o, um processo que requer t\u00e9cnicas e produtos espec\u00edficos.<\/p><p>A 123 Dedetizadora \u00e9 especializada em descupiniza\u00e7\u00e3o e oferece solu\u00e7\u00f5es eficazes para o controle dessas pragas. Contamos com uma equipe t\u00e9cnica qualificada e equipamentos de \u00faltima gera\u00e7\u00e3o para a identifica\u00e7\u00e3o e combate aos cupins. Al\u00e9m disso, utilizamos produtos que n\u00e3o oferecem riscos \u00e0 sa\u00fade dos moradores e ao meio ambiente, garantindo a seguran\u00e7a do local ap\u00f3s a realiza\u00e7\u00e3o do servi\u00e7o.<\/p>\t\t\t\t\t\t<\/div>\n\t\t\t\t<\/div>\n\t\t\t\t<\/div>\n\t\t<div class=\"elementor-element elementor-element-155d667 e-con-full e-con\" data-id=\"155d667\" data-element_type=\"container\" data-settings=\"{&quot;content_width&quot;:&quot;full&quot;}\">\n\t\t\t\t<div class=\"elementor-element elementor-element-35aadf0 elementor-widget elementor-widget-image\" data-id=\"35aadf0\" data-element_type=\"widget\" data-widget_type=\"image.default\">\n\t\t\t\t<div class=\"elementor-widget-container\">\n\t\t\t<style>\/*! elementor - v3.11.5 - 14-03-2023 *\/\n.elementor-widget-image{text-align:center}.elementor-widget-image a{display:inline-block}.elementor-widget-image a img[src$=\".svg\"]{width:48px}.elementor-widget-image img{vertical-align:middle;display:inline-block}<\/style>\t\t\t\t\t\t\t\t\t\t\t\t<img decoding=\"async\" width=\"800\" height=\"534\" src=\"https:\/\/123dedetizadora.com\/wp-content\/uploads\/2023\/03\/wooden-board-with-broken.jpg\" class=\"attachment-large size-large wp-image-291\" alt=\"\" loading=\"lazy\" srcset=\"https:\/\/123dedetizadora.com\/wp-content\/uploads\/2023\/03\/wooden-board-with-broken.jpg 1000w, https:\/\/123dedetizadora.com\/wp-content\/uploads\/2023\/03\/wooden-board-with-broken-300x200.jpg 300w, https:\/\/123dedetizadora.com\/wp-content\/uploads\/2023\/03\/wooden-board-with-broken-768x512.jpg 768w\" sizes=\"(max-width: 800px) 100vw, 800px\" \/>\t\t\t\t\t\t\t\t\t\t\t\t\t\t\t<\/div>\n\t\t\t\t<\/div>\n\t\t\t\t<\/div>\n\t\t\t\t\t<\/div>\n\t\t\t\t<\/div>\n\t\t<div class=\"elementor-element elementor-element-d71beb3 e-con-boxed e-con\" data-id=\"d71beb3\" data-element_type=\"container\" data-settings=\"{&quot;content_width&quot;:&quot;boxed&quot;}\">\n\t\t\t\t\t<div class=\"e-con-inner\">\n\t\t<div class=\"elementor-element elementor-element-1e0a156 e-con-full e-con\" data-id=\"1e0a156\" data-element_type=\"container\" data-settings=\"{&quot;content_width&quot;:&quot;full&quot;}\">\n\t\t\t\t<div class=\"elementor-element elementor-element-7b52956 elementor-widget elementor-widget-heading\" data-id=\"7b52956\" data-element_type=\"widget\" data-widget_type=\"heading.default\">\n\t\t\t\t<div class=\"elementor-widget-container\">\n\t\t\t<h2 class=\"elementor-heading-title elementor-size-default\">Conte com a 123 dedetizadora para te ajudar<\/h2>\t\t<\/div>\n\t\t\t\t<\/div>\n\t\t\t\t<div class=\"elementor-element elementor-element-9d0d89f elementor-widget elementor-widget-text-editor\" data-id=\"9d0d89f\" data-element_type=\"widget\" data-widget_type=\"text-editor.default\">\n\t\t\t\t<div class=\"elementor-widget-container\">\n\t\t\t\t\t\t\t<p>Os preju\u00edzos causados pelos cupins podem ser enormes, desde a destrui\u00e7\u00e3o de m\u00f3veis at\u00e9 comprometimento da estrutura de edif\u00edcios e casas. Por isso, \u00e9 importante estar atento aos sinais de infesta\u00e7\u00e3o, como a presen\u00e7a de pequenos orif\u00edcios na madeira, p\u00f3 fino e a forma\u00e7\u00e3o de t\u00faneis. Caso suspeite de infesta\u00e7\u00e3o de cupins, entre em contato com a 123 Dedetizadora para agendarmos uma vistoria t\u00e9cnica e oferecermos as melhores solu\u00e7\u00f5es para a descupiniza\u00e7\u00e3o.<\/p>\t\t\t\t\t\t<\/div>\n\t\t\t\t<\/div>\n\t\t\t\t<\/div>\n\t\t<div class=\"elementor-element elementor-element-52334d6 e-con-full e-con\" data-id=\"52334d6\" data-element_type=\"container\" data-settings=\"{&quot;content_width&quot;:&quot;full&quot;}\">\n\t\t\t\t<div class=\"elementor-element elementor-element-3fdfd7e elementor-widget elementor-widget-image\" data-id=\"3fdfd7e\" data-element_type=\"widget\" data-widget_type=\"image.default\">\n\t\t\t\t<div class=\"elementor-widget-container\">\n\t\t\t\t\t\t\t\t\t\t\t\t\t\t\t<img decoding=\"async\" width=\"800\" height=\"534\" src=\"https:\/\/123dedetizadora.com\/wp-content\/uploads\/2023\/03\/wooden-texture-platan-tree.jpg\" class=\"attachment-large size-large wp-image-293\" alt=\"\" loading=\"lazy\" srcset=\"https:\/\/123dedetizadora.com\/wp-content\/uploads\/2023\/03\/wooden-texture-platan-tree.jpg 1000w, https:\/\/123dedetizadora.com\/wp-content\/uploads\/2023\/03\/wooden-texture-platan-tree-300x200.jpg 300w, https:\/\/123dedetizadora.com\/wp-content\/uploads\/2023\/03\/wooden-texture-platan-tree-768x513.jpg 768w\" sizes=\"(max-width: 800px) 100vw, 800px\" \/>\t\t\t\t\t\t\t\t\t\t\t\t\t\t\t<\/div>\n\t\t\t\t<\/div>\n\t\t\t\t<\/div>\n\t\t\t\t\t<\/div>\n\t\t\t\t<\/div>\n\t\t<div class=\"elementor-element elementor-element-b3952b6 e-con-boxed e-con\" data-id=\"b3952b6\" data-element_type=\"container\" data-settings=\"{&quot;background_background&quot;:&quot;classic&quot;,&quot;content_width&quot;:&quot;boxed&quot;}\">\n\t\t\t\t\t<div class=\"e-con-inner\">\n\t\t\t\t<div class=\"elementor-element elementor-element-79b0f3e elementor-view-default elementor-widget elementor-widget-icon\" data-id=\"79b0f3e\" data-element_type=\"widget\" data-widget_type=\"icon.default\">\n\t\t\t\t<div class=\"elementor-widget-container\">\n\t\t\t\t\t<div class=\"elementor-icon-wrapper\">\n\t\t\t<div class=\"elementor-icon\">\n\t\t\t<svg xmlns=\"http:\/\/www.w3.org\/2000\/svg\" xmlns:xlink=\"http:\/\/www.w3.org\/1999\/xlink\" id=\"Layer_1\" viewBox=\"0 0 512 512\" xml:space=\"preserve\"><path style=\"fill:#F2F2F2;\" d=\"M509.653,113.512l-85.511-85.511c-1.505-1.503-3.543-2.347-5.669-2.347H93.528 c-4.428,0-8.017,3.588-8.017,8.017v470.313c0,4.428,3.588,8.017,8.017,8.017h410.455c4.428,0,8.017-3.588,8.017-8.017V119.182 C512,117.056,511.156,115.017,509.653,113.512z\"><\/path><g>\t<path style=\"fill:#E5E5E5;\" d=\"M511.982,118.826c-0.089-1.996-0.912-3.893-2.33-5.312L424.14,28.002  c-1.504-1.504-3.542-2.348-5.668-2.348h-0.356v85.156c0,4.427,3.589,8.017,8.017,8.017H511.982z\"><\/path>\t<path style=\"fill:#E5E5E5;\" d=\"M93.528,25.653c-4.428,0-8.017,3.588-8.017,8.017v470.313c0,4.428,3.588,8.017,8.017,8.017h375.888  L136.144,25.653H93.528z\"><\/path><\/g><path style=\"fill:#666666;\" d=\"M214.313,0H24.05C10.789,0,0,10.789,0,24.05v258.672c0,13.261,10.789,24.05,24.05,24.05h190.263 c13.261,0,24.05-10.789,24.05-24.05V24.05C238.363,10.789,227.574,0,214.313,0z\"><\/path><path style=\"fill:#F7D04A;\" d=\"M358.614,247.983c-65.717,0-119.182,53.465-119.182,119.182s53.465,119.182,119.182,119.182 s119.182-53.465,119.182-119.182S424.33,247.983,358.614,247.983z\"><\/path><path style=\"fill:#F3B41B;\" d=\"M382.129,462.831c-65.717,0-119.182-53.465-119.182-119.182c0-26.875,8.946-51.698,24.009-71.656 c-28.845,21.772-47.525,56.331-47.525,95.172c0,65.717,53.465,119.182,119.182,119.182c38.841,0,73.4-18.68,95.172-47.525 C433.828,453.885,409.005,462.831,382.129,462.831z\"><\/path><path style=\"fill:#EB6836;\" d=\"M376.915,360.217l-12.423-0.366v-44.528h28.326c4.428,0,8.017-3.588,8.017-8.017 c0-4.428-3.588-8.017-8.017-8.017h-28.326v-9.086c0-4.428-3.588-8.017-8.017-8.017c-4.428,0-8.017,3.588-8.017,8.017v9.086h-8.017 c-13.261,0-24.05,10.789-24.05,24.05v27.791c0,13.217,10.719,23.98,23.92,24.05l8.147,0.239v43.585h-24.05 c-4.428,0-8.017,3.588-8.017,8.017s3.588,8.017,8.017,8.017h24.05v9.086c0,4.428,3.588,8.017,8.017,8.017 c4.428,0,8.017-3.588,8.017-8.017v-9.086h12.292c13.261,0,24.05-10.789,24.05-24.05v-26.722 C400.835,371.05,390.116,360.288,376.915,360.217z M340.679,359.151c-0.078-0.002-0.157-0.003-0.236-0.003 c-4.421,0-8.017-3.596-8.017-8.017V323.34c0-4.421,3.596-8.017,8.017-8.017h8.017v44.057L340.679,359.151z M384.802,410.99 c0,4.421-3.596,8.017-8.017,8.017h-12.292v-43.114l12.056,0.355c0.078,0.002,0.157,0.003,0.236,0.003 c4.421,0,8.017,3.596,8.017,8.017V410.99z\"><\/path><path style=\"fill:#F2F2F2;\" d=\"M204.693,25.653H33.67c-4.428,0-8.017,3.588-8.017,8.017v42.756c0,4.428,3.588,8.017,8.017,8.017 h171.023c4.428,0,8.017-3.588,8.017-8.017V33.67C212.71,29.242,209.122,25.653,204.693,25.653z\"><\/path><g>\t<path style=\"fill:#62C9CC;\" d=\"M33.67,25.653c-4.428,0-8.017,3.588-8.017,8.017v42.756c0,4.428,3.588,8.017,8.017,8.017h34.739  l58.789-58.789H33.67z\"><\/path>\t<path style=\"fill:#62C9CC;\" d=\"M204.693,25.653h-29.929l-58.789,58.789h88.718c4.428,0,8.017-3.588,8.017-8.017V33.67  C212.71,29.242,209.122,25.653,204.693,25.653z\"><\/path><\/g><g>\t<path style=\"fill:#EF9D3C;\" d=\"M67.875,94.063H33.67c-4.428,0-8.017,3.588-8.017,8.017v34.205c0,4.428,3.588,8.017,8.017,8.017  h34.205c4.428,0,8.017-3.588,8.017-8.017v-34.205C75.891,97.651,72.303,94.063,67.875,94.063z\"><\/path>\t<path style=\"fill:#EF9D3C;\" d=\"M135.749,94.063h-34.205c-4.428,0-8.017,3.588-8.017,8.017v34.205c0,4.428,3.588,8.017,8.017,8.017  h34.205c4.428,0,8.017-3.588,8.017-8.017v-34.205C143.766,97.651,140.178,94.063,135.749,94.063z\"><\/path>\t<path style=\"fill:#EF9D3C;\" d=\"M67.875,162.472H33.67c-4.428,0-8.017,3.588-8.017,8.017v34.205c0,4.428,3.588,8.017,8.017,8.017  h34.205c4.428,0,8.017-3.588,8.017-8.017v-34.205C75.891,166.06,72.303,162.472,67.875,162.472z\"><\/path>\t<path style=\"fill:#EF9D3C;\" d=\"M135.749,162.472h-34.205c-4.428,0-8.017,3.588-8.017,8.017v34.205c0,4.428,3.588,8.017,8.017,8.017  h34.205c4.428,0,8.017-3.588,8.017-8.017v-34.205C143.766,166.06,140.178,162.472,135.749,162.472z\"><\/path>\t<path style=\"fill:#EF9D3C;\" d=\"M67.875,230.881H33.67c-4.428,0-8.017,3.588-8.017,8.017v34.205c0,4.428,3.588,8.017,8.017,8.017  h34.205c4.428,0,8.017-3.588,8.017-8.017v-34.205C75.891,234.469,72.303,230.881,67.875,230.881z\"><\/path>\t<path style=\"fill:#EF9D3C;\" d=\"M135.749,230.881h-34.205c-4.428,0-8.017,3.588-8.017,8.017v34.205c0,4.428,3.588,8.017,8.017,8.017  h34.205c4.428,0,8.017-3.588,8.017-8.017v-34.205C143.766,234.469,140.178,230.881,135.749,230.881z\"><\/path>\t<path style=\"fill:#EF9D3C;\" d=\"M204.159,94.063h-34.205c-4.428,0-8.017,3.588-8.017,8.017v34.205c0,4.428,3.588,8.017,8.017,8.017  h34.205c4.428,0,8.017-3.588,8.017-8.017v-34.205C212.175,97.651,208.587,94.063,204.159,94.063z\"><\/path><\/g><path style=\"fill:#F7D04A;\" d=\"M204.693,162.472h-34.205c-4.428,0-8.017,3.588-8.017,8.017v102.614c0,4.428,3.588,8.017,8.017,8.017 h34.205c4.428,0,8.017-3.588,8.017-8.017V170.489C212.71,166.06,209.122,162.472,204.693,162.472z\"><\/path><path style=\"fill:#666666;\" d=\"M297.846,92.994c-2.183,0-4.358-0.886-5.941-2.632l-15.51-17.102 c-2.974-3.279-2.727-8.35,0.554-11.324c3.276-2.976,8.349-2.729,11.324,0.554l15.51,17.102c2.974,3.279,2.727,8.35-0.554,11.324 C301.695,92.308,299.767,92.994,297.846,92.994z\"><\/path><g>\t<path style=\"fill:#62C9CC;\" d=\"M464.11,214.126L336.377,86.391c-1.12-1.119-2.545-1.882-4.097-2.192l-30.233-6.046  c-2.627-0.522-5.344,0.297-7.241,2.192c-1.894,1.895-2.717,4.612-2.192,7.241l6.046,30.233c0.31,1.552,1.073,2.977,2.192,4.097  l127.735,127.735c5.116,5.116,12.417,7.67,19.607,6.89c6.428-0.697,11.449-3.932,15.917-8.402  C473.488,238.761,473.488,223.505,464.11,214.126z\"><\/path>\t\t\t<rect x=\"300.46\" y=\"122.86\" transform=\"matrix(-0.7071 -0.7071 0.7071 -0.7071 514.0678 508.8909)\" style=\"fill:#62C9CC;\" width=\"123.937\" height=\"50.238\"><\/rect><\/g><path style=\"fill:#F7D04A;\" d=\"M302.047,78.153c-5.513-1.096-10.535,3.916-9.433,9.433l6.046,30.233 c0.31,1.552,1.073,2.977,2.192,4.097l35.525-35.525c-1.12-1.119-2.545-1.882-4.097-2.192L302.047,78.153z\"><\/path><path style=\"fill:#50A9A9;\" d=\"M464.11,214.126l-40.095-40.095l-35.525,35.525l40.095,40.095c5.021,5.021,12.2,7.479,19.248,6.84 c6.562-0.595,11.719-3.795,16.276-8.351C473.488,238.761,473.488,223.505,464.11,214.126z\"><\/path><path style=\"fill:#666666;\" d=\"M451.639,221.01c-2.051,0-4.103-0.782-5.669-2.347c-3.131-3.132-3.131-8.207,0-11.338l12.323-12.322 l-37.701-35.802c-3.211-3.05-3.342-8.124-0.293-11.333c3.051-3.211,8.125-3.342,11.333-0.293l43.668,41.467 c1.568,1.489,2.469,3.548,2.496,5.71c0.028,2.161-0.819,4.243-2.346,5.772l-18.14,18.14 C455.742,220.226,453.69,221.01,451.639,221.01z\"><\/path><g>\t<path style=\"fill:#808080;\" d=\"M198.28,383.733h-53.445c-4.428,0-8.017-3.588-8.017-8.017c0-4.428,3.588-8.017,8.017-8.017h53.445  c4.428,0,8.017,3.588,8.017,8.017C206.296,380.145,202.708,383.733,198.28,383.733z\"><\/path>\t<path style=\"fill:#808080;\" d=\"M198.28,426.489h-53.445c-4.428,0-8.017-3.588-8.017-8.017s3.588-8.017,8.017-8.017h53.445  c4.428,0,8.017,3.588,8.017,8.017S202.708,426.489,198.28,426.489z\"><\/path><\/g><\/svg>\t\t\t<\/div>\n\t\t<\/div>\n\t\t\t\t<\/div>\n\t\t\t\t<\/div>\n\t\t\t\t<div class=\"elementor-element elementor-element-3f3f61e elementor-widget elementor-widget-heading\" data-id=\"3f3f61e\" data-element_type=\"widget\" data-widget_type=\"heading.default\">\n\t\t\t\t<div class=\"elementor-widget-container\">\n\t\t\t<h2 class=\"elementor-heading-title elementor-size-default\">Pre\u00e7o competitivo e ajust\u00e1vel para sua necessidade<\/h2>\t\t<\/div>\n\t\t\t\t<\/div>\n\t\t\t\t<div class=\"elementor-element elementor-element-e3a1d14 elementor-align-center elementor-widget elementor-widget-button\" data-id=\"e3a1d14\" data-element_type=\"widget\" data-widget_type=\"button.default\">\n\t\t\t\t<div class=\"elementor-widget-container\">\n\t\t\t\t\t<div class=\"elementor-button-wrapper\">\n\t\t\t<a href=\"https:\/\/wa.me\/5562984744170?text=Ol%C3%A1%2C+gostaria+de+um+or%C3%A7amento\" class=\"elementor-button-link elementor-button elementor-size-sm\" role=\"button\">\n\t\t\t\t\t\t<span class=\"elementor-button-content-wrapper\">\n\t\t\t\t\t\t<span class=\"elementor-button-text\">SOLICITAR OR\u00c7AMENTO<\/span>\n\t\t<\/span>\n\t\t\t\t\t<\/a>\n\t\t<\/div>\n\t\t\t\t<\/div>\n\t\t\t\t<\/div>\n\t\t\t\t\t<\/div>\n\t\t\t\t<\/div>\n\t\t\t\t\t\t\t<\/div>\n\t\t","protected":false},"excerpt":{"rendered":"<p>Descupiniza\u00e7\u00e3o D\u00ea adeus ao problema de cupins em moveis e madeira Os cupins s\u00e3o pragas silenciosas que podem causar danos graves \u00e0 estrutura de madeira de resid\u00eancias e estabelecimentos comerciais. Eles se alimentam de celulose, presente na madeira e em outros materiais org\u00e2nicos, como papel e papel\u00e3o. O controle efetivo dessas pragas exige a realiza\u00e7\u00e3o [&hellip;]<\/p>\n","protected":false},"author":1,"featured_media":0,"parent":0,"menu_order":0,"comment_status":"closed","ping_status":"closed","template":"","meta":[],"yoast_head":"<!-- This site is optimized with the Yoast SEO plugin v20.3 - https:\/\/yoast.com\/wordpress\/plugins\/seo\/ -->\n<title>descupiniza\u00e7\u00e3o - 123 Dedetizadora<\/title>\n<meta name=\"description\" content=\"A 123 Dedetizadora oferece servi\u00e7os de descupiniza\u00e7\u00e3o com certifica\u00e7\u00e3o t\u00e9cnica e garantia de efic\u00e1cia para sua casa ou empresa.\" \/>\n<meta name=\"robots\" content=\"index, follow, max-snippet:-1, max-image-preview:large, max-video-preview:-1\" \/>\n<link rel=\"canonical\" href=\"https:\/\/123dedetizadora.com\/index.php\/descupinizacao\/\" \/>\n<meta property=\"og:locale\" content=\"pt_BR\" \/>\n<meta property=\"og:type\" content=\"article\" \/>\n<meta property=\"og:title\" content=\"descupiniza\u00e7\u00e3o - 123 Dedetizadora\" \/>\n<meta property=\"og:description\" content=\"A 123 Dedetizadora oferece servi\u00e7os de descupiniza\u00e7\u00e3o com certifica\u00e7\u00e3o t\u00e9cnica e garantia de efic\u00e1cia para sua casa ou empresa.\" \/>\n<meta property=\"og:url\" content=\"https:\/\/123dedetizadora.com\/index.php\/descupinizacao\/\" \/>\n<meta property=\"og:site_name\" content=\"123 Dedetizadora\" \/>\n<meta property=\"article:modified_time\" content=\"2025-10-13T15:17:49+00:00\" \/>\n<meta property=\"og:image\" content=\"https:\/\/123dedetizadora.com\/wp-content\/uploads\/2023\/03\/wooden-board-with-broken.jpg\" \/>\n<meta name=\"twitter:card\" content=\"summary_large_image\" \/>\n<meta name=\"twitter:label1\" content=\"Est. tempo de leitura\" \/>\n\t<meta name=\"twitter:data1\" content=\"2 minutos\" \/>\n<script type=\"application\/ld+json\" class=\"yoast-schema-graph\">{\"@context\":\"https:\/\/schema.org\",\"@graph\":[{\"@type\":\"WebPage\",\"@id\":\"https:\/\/123dedetizadora.com\/index.php\/descupinizacao\/\",\"url\":\"https:\/\/123dedetizadora.com\/index.php\/descupinizacao\/\",\"name\":\"descupiniza\u00e7\u00e3o - 123 Dedetizadora\",\"isPartOf\":{\"@id\":\"https:\/\/123dedetizadora.com\/#website\"},\"datePublished\":\"2023-03-26T23:21:56+00:00\",\"dateModified\":\"2025-10-13T15:17:49+00:00\",\"description\":\"A 123 Dedetizadora oferece servi\u00e7os de descupiniza\u00e7\u00e3o com certifica\u00e7\u00e3o t\u00e9cnica e garantia de efic\u00e1cia para sua casa ou empresa.\",\"breadcrumb\":{\"@id\":\"https:\/\/123dedetizadora.com\/index.php\/descupinizacao\/#breadcrumb\"},\"inLanguage\":\"pt-BR\",\"potentialAction\":[{\"@type\":\"ReadAction\",\"target\":[\"https:\/\/123dedetizadora.com\/index.php\/descupinizacao\/\"]}]},{\"@type\":\"BreadcrumbList\",\"@id\":\"https:\/\/123dedetizadora.com\/index.php\/descupinizacao\/#breadcrumb\",\"itemListElement\":[{\"@type\":\"ListItem\",\"position\":1,\"name\":\"In\u00edcio\",\"item\":\"https:\/\/123dedetizadora.com\/\"},{\"@type\":\"ListItem\",\"position\":2,\"name\":\"descupiniza\u00e7\u00e3o\"}]},{\"@type\":\"WebSite\",\"@id\":\"https:\/\/123dedetizadora.com\/#website\",\"url\":\"https:\/\/123dedetizadora.com\/\",\"name\":\"123 Dedetizadora\",\"description\":\"\",\"publisher\":{\"@id\":\"https:\/\/123dedetizadora.com\/#organization\"},\"potentialAction\":[{\"@type\":\"SearchAction\",\"target\":{\"@type\":\"EntryPoint\",\"urlTemplate\":\"https:\/\/123dedetizadora.com\/?s={search_term_string}\"},\"query-input\":\"required name=search_term_string\"}],\"inLanguage\":\"pt-BR\"},{\"@type\":\"Organization\",\"@id\":\"https:\/\/123dedetizadora.com\/#organization\",\"name\":\"123 Dedetizadora\",\"url\":\"https:\/\/123dedetizadora.com\/\",\"logo\":{\"@type\":\"ImageObject\",\"inLanguage\":\"pt-BR\",\"@id\":\"https:\/\/123dedetizadora.com\/#\/schema\/logo\/image\/\",\"url\":\"https:\/\/123dedetizadora.com\/wp-content\/uploads\/2023\/03\/roxsyj.jpeg\",\"contentUrl\":\"https:\/\/123dedetizadora.com\/wp-content\/uploads\/2023\/03\/roxsyj.jpeg\",\"width\":1600,\"height\":468,\"caption\":\"123 Dedetizadora\"},\"image\":{\"@id\":\"https:\/\/123dedetizadora.com\/#\/schema\/logo\/image\/\"}}]}<\/script>\n<!-- \/ Yoast SEO plugin. -->","yoast_head_json":{"title":"descupiniza\u00e7\u00e3o - 123 Dedetizadora","description":"A 123 Dedetizadora oferece servi\u00e7os de descupiniza\u00e7\u00e3o com certifica\u00e7\u00e3o t\u00e9cnica e garantia de efic\u00e1cia para sua casa ou empresa.","robots":{"index":"index","follow":"follow","max-snippet":"max-snippet:-1","max-image-preview":"max-image-preview:large","max-video-preview":"max-video-preview:-1"},"canonical":"https:\/\/123dedetizadora.com\/index.php\/descupinizacao\/","og_locale":"pt_BR","og_type":"article","og_title":"descupiniza\u00e7\u00e3o - 123 Dedetizadora","og_description":"A 123 Dedetizadora oferece servi\u00e7os de descupiniza\u00e7\u00e3o com certifica\u00e7\u00e3o t\u00e9cnica e garantia de efic\u00e1cia para sua casa ou empresa.","og_url":"https:\/\/123dedetizadora.com\/index.php\/descupinizacao\/","og_site_name":"123 Dedetizadora","article_modified_time":"2025-10-13T15:17:49+00:00","og_image":[{"url":"https:\/\/123dedetizadora.com\/wp-content\/uploads\/2023\/03\/wooden-board-with-broken.jpg"}],"twitter_card":"summary_large_image","twitter_misc":{"Est. tempo de leitura":"2 minutos"},"schema":{"@context":"https:\/\/schema.org","@graph":[{"@type":"WebPage","@id":"https:\/\/123dedetizadora.com\/index.php\/descupinizacao\/","url":"https:\/\/123dedetizadora.com\/index.php\/descupinizacao\/","name":"descupiniza\u00e7\u00e3o - 123 Dedetizadora","isPartOf":{"@id":"https:\/\/123dedetizadora.com\/#website"},"datePublished":"2023-03-26T23:21:56+00:00","dateModified":"2025-10-13T15:17:49+00:00","description":"A 123 Dedetizadora oferece servi\u00e7os de descupiniza\u00e7\u00e3o com certifica\u00e7\u00e3o t\u00e9cnica e garantia de efic\u00e1cia para sua casa ou empresa.","breadcrumb":{"@id":"https:\/\/123dedetizadora.com\/index.php\/descupinizacao\/#breadcrumb"},"inLanguage":"pt-BR","potentialAction":[{"@type":"ReadAction","target":["https:\/\/123dedetizadora.com\/index.php\/descupinizacao\/"]}]},{"@type":"BreadcrumbList","@id":"https:\/\/123dedetizadora.com\/index.php\/descupinizacao\/#breadcrumb","itemListElement":[{"@type":"ListItem","position":1,"name":"In\u00edcio","item":"https:\/\/123dedetizadora.com\/"},{"@type":"ListItem","position":2,"name":"descupiniza\u00e7\u00e3o"}]},{"@type":"WebSite","@id":"https:\/\/123dedetizadora.com\/#website","url":"https:\/\/123dedetizadora.com\/","name":"123 Dedetizadora","description":"","publisher":{"@id":"https:\/\/123dedetizadora.com\/#organization"},"potentialAction":[{"@type":"SearchAction","target":{"@type":"EntryPoint","urlTemplate":"https:\/\/123dedetizadora.com\/?s={search_term_string}"},"query-input":"required name=search_term_string"}],"inLanguage":"pt-BR"},{"@type":"Organization","@id":"https:\/\/123dedetizadora.com\/#organization","name":"123 Dedetizadora","url":"https:\/\/123dedetizadora.com\/","logo":{"@type":"ImageObject","inLanguage":"pt-BR","@id":"https:\/\/123dedetizadora.com\/#\/schema\/logo\/image\/","url":"https:\/\/123dedetizadora.com\/wp-content\/uploads\/2023\/03\/roxsyj.jpeg","contentUrl":"https:\/\/123dedetizadora.com\/wp-content\/uploads\/2023\/03\/roxsyj.jpeg","width":1600,"height":468,"caption":"123 Dedetizadora"},"image":{"@id":"https:\/\/123dedetizadora.com\/#\/schema\/logo\/image\/"}}]}},"_links":{"self":[{"href":"https:\/\/123dedetizadora.com\/index.php\/wp-json\/wp\/v2\/pages\/289"}],"collection":[{"href":"https:\/\/123dedetizadora.com\/index.php\/wp-json\/wp\/v2\/pages"}],"about":[{"href":"https:\/\/123dedetizadora.com\/index.php\/wp-json\/wp\/v2\/types\/page"}],"author":[{"embeddable":true,"href":"https:\/\/123dedetizadora.com\/index.php\/wp-json\/wp\/v2\/users\/1"}],"replies":[{"embeddable":true,"href":"https:\/\/123dedetizadora.com\/index.php\/wp-json\/wp\/v2\/comments?post=289"}],"version-history":[{"count":11,"href":"https:\/\/123dedetizadora.com\/index.php\/wp-json\/wp\/v2\/pages\/289\/revisions"}],"predecessor-version":[{"id":507,"href":"https:\/\/123dedetizadora.com\/index.php\/wp-json\/wp\/v2\/pages\/289\/revisions\/507"}],"wp:attachment":[{"href":"https:\/\/123dedetizadora.com\/index.php\/wp-json\/wp\/v2\/media?parent=289"}],"curies":[{"name":"wp","href":"https:\/\/api.w.org\/{rel}","templated":true}]}}