{"id":319,"date":"2023-03-26T20:43:21","date_gmt":"2023-03-26T23:43:21","guid":{"rendered":"https:\/\/123dedetizadora.com\/?page_id=319"},"modified":"2023-03-27T13:13:40","modified_gmt":"2023-03-27T16:13:40","slug":"higienizacao","status":"publish","type":"page","link":"https:\/\/123dedetizadora.com\/index.php\/higienizacao\/","title":{"rendered":"higieniza\u00e7\u00e3o"},"content":{"rendered":"\t\t<div data-elementor-type=\"wp-page\" data-elementor-id=\"319\" class=\"elementor elementor-319\">\n\t\t\t\t\t\t\t<div class=\"elementor-element elementor-element-ef942c9 e-con-boxed e-con\" data-id=\"ef942c9\" data-element_type=\"container\" data-settings=\"{&quot;background_background&quot;:&quot;classic&quot;,&quot;content_width&quot;:&quot;boxed&quot;}\">\n\t\t\t\t\t<div class=\"e-con-inner\">\n\t\t\t\t<div class=\"elementor-element elementor-element-83e157d elementor-widget elementor-widget-heading\" data-id=\"83e157d\" data-element_type=\"widget\" data-widget_type=\"heading.default\">\n\t\t\t\t<div class=\"elementor-widget-container\">\n\t\t\t<style>\/*! elementor - v3.11.5 - 14-03-2023 *\/\n.elementor-heading-title{padding:0;margin:0;line-height:1}.elementor-widget-heading .elementor-heading-title[class*=elementor-size-]>a{color:inherit;font-size:inherit;line-height:inherit}.elementor-widget-heading .elementor-heading-title.elementor-size-small{font-size:15px}.elementor-widget-heading .elementor-heading-title.elementor-size-medium{font-size:19px}.elementor-widget-heading .elementor-heading-title.elementor-size-large{font-size:29px}.elementor-widget-heading .elementor-heading-title.elementor-size-xl{font-size:39px}.elementor-widget-heading .elementor-heading-title.elementor-size-xxl{font-size:59px}<\/style><h1 class=\"elementor-heading-title elementor-size-default\">Higieniza\u00e7\u00e3o<\/h1>\t\t<\/div>\n\t\t\t\t<\/div>\n\t\t\t\t\t<\/div>\n\t\t\t\t<\/div>\n\t\t<div class=\"elementor-element elementor-element-46e269a e-con-boxed e-con\" data-id=\"46e269a\" data-element_type=\"container\" data-settings=\"{&quot;content_width&quot;:&quot;boxed&quot;}\">\n\t\t\t\t\t<div class=\"e-con-inner\">\n\t\t<div class=\"elementor-element elementor-element-3a1d8ed e-con-full e-con\" data-id=\"3a1d8ed\" data-element_type=\"container\" data-settings=\"{&quot;content_width&quot;:&quot;full&quot;}\">\n\t\t\t\t<div class=\"elementor-element elementor-element-8a4a93e elementor-widget elementor-widget-heading\" data-id=\"8a4a93e\" data-element_type=\"widget\" data-widget_type=\"heading.default\">\n\t\t\t\t<div class=\"elementor-widget-container\">\n\t\t\t<h2 class=\"elementor-heading-title elementor-size-default\">Mantenha seus reservat\u00f3rios limpos<\/h2>\t\t<\/div>\n\t\t\t\t<\/div>\n\t\t\t\t<div class=\"elementor-element elementor-element-a6cc3e2 elementor-widget elementor-widget-text-editor\" data-id=\"a6cc3e2\" data-element_type=\"widget\" data-widget_type=\"text-editor.default\">\n\t\t\t\t<div class=\"elementor-widget-container\">\n\t\t\t<style>\/*! elementor - v3.11.5 - 14-03-2023 *\/\n.elementor-widget-text-editor.elementor-drop-cap-view-stacked .elementor-drop-cap{background-color:#818a91;color:#fff}.elementor-widget-text-editor.elementor-drop-cap-view-framed .elementor-drop-cap{color:#818a91;border:3px solid;background-color:transparent}.elementor-widget-text-editor:not(.elementor-drop-cap-view-default) .elementor-drop-cap{margin-top:8px}.elementor-widget-text-editor:not(.elementor-drop-cap-view-default) .elementor-drop-cap-letter{width:1em;height:1em}.elementor-widget-text-editor .elementor-drop-cap{float:left;text-align:center;line-height:1;font-size:50px}.elementor-widget-text-editor .elementor-drop-cap-letter{display:inline-block}<\/style>\t\t\t\t<p>A higieniza\u00e7\u00e3o de caixas d&#8217;\u00e1gua \u00e9 essencial para garantir a qualidade da \u00e1gua que chega \u00e0s resid\u00eancias e empresas. A falta de manuten\u00e7\u00e3o pode levar \u00e0 prolifera\u00e7\u00e3o de bact\u00e9rias, fungos e outros micro-organismos, que podem causar doen\u00e7as graves, como a leptospirose, a hepatite A e a dengue. Al\u00e9m disso, a sujeira acumulada no fundo da caixa pode prejudicar o funcionamento de equipamentos que utilizam \u00e1gua, como chuveiros, torneiras e m\u00e1quinas de lavar.<\/p><p>A 123 Dedetizadora oferece servi\u00e7os especializados de higieniza\u00e7\u00e3o de caixas d&#8217;\u00e1gua, utilizando t\u00e9cnicas seguras e produtos espec\u00edficos para garantir a completa elimina\u00e7\u00e3o de impurezas e microrganismos. Realizamos a limpeza e desinfec\u00e7\u00e3o de caixas d&#8217;\u00e1gua de todos os tamanhos e modelos, seguindo todas as normas t\u00e9cnicas e de seguran\u00e7a.<\/p>\t\t\t\t\t\t<\/div>\n\t\t\t\t<\/div>\n\t\t\t\t<\/div>\n\t\t<div class=\"elementor-element elementor-element-b652e73 e-con-full e-con\" data-id=\"b652e73\" data-element_type=\"container\" data-settings=\"{&quot;content_width&quot;:&quot;full&quot;}\">\n\t\t\t\t<div class=\"elementor-element elementor-element-51c4748 elementor-widget elementor-widget-image\" data-id=\"51c4748\" data-element_type=\"widget\" data-widget_type=\"image.default\">\n\t\t\t\t<div class=\"elementor-widget-container\">\n\t\t\t<style>\/*! elementor - v3.11.5 - 14-03-2023 *\/\n.elementor-widget-image{text-align:center}.elementor-widget-image a{display:inline-block}.elementor-widget-image a img[src$=\".svg\"]{width:48px}.elementor-widget-image img{vertical-align:middle;display:inline-block}<\/style>\t\t\t\t\t\t\t\t\t\t\t\t<img decoding=\"async\" width=\"800\" height=\"800\" src=\"https:\/\/123dedetizadora.com\/wp-content\/uploads\/2023\/03\/52F348D5-F42C-4D09-B241-9E1EBBAD431F-1024x1024.jpeg\" class=\"attachment-large size-large wp-image-321\" alt=\"\" loading=\"lazy\" srcset=\"https:\/\/123dedetizadora.com\/wp-content\/uploads\/2023\/03\/52F348D5-F42C-4D09-B241-9E1EBBAD431F-1024x1024.jpeg 1024w, https:\/\/123dedetizadora.com\/wp-content\/uploads\/2023\/03\/52F348D5-F42C-4D09-B241-9E1EBBAD431F-300x300.jpeg 300w, https:\/\/123dedetizadora.com\/wp-content\/uploads\/2023\/03\/52F348D5-F42C-4D09-B241-9E1EBBAD431F-150x150.jpeg 150w, https:\/\/123dedetizadora.com\/wp-content\/uploads\/2023\/03\/52F348D5-F42C-4D09-B241-9E1EBBAD431F-768x768.jpeg 768w, https:\/\/123dedetizadora.com\/wp-content\/uploads\/2023\/03\/52F348D5-F42C-4D09-B241-9E1EBBAD431F-1536x1536.jpeg 1536w, https:\/\/123dedetizadora.com\/wp-content\/uploads\/2023\/03\/52F348D5-F42C-4D09-B241-9E1EBBAD431F-2048x2048.jpeg 2048w\" sizes=\"(max-width: 800px) 100vw, 800px\" \/>\t\t\t\t\t\t\t\t\t\t\t\t\t\t\t<\/div>\n\t\t\t\t<\/div>\n\t\t\t\t<\/div>\n\t\t\t\t\t<\/div>\n\t\t\t\t<\/div>\n\t\t<div class=\"elementor-element elementor-element-17f5c8d e-con-boxed e-con\" data-id=\"17f5c8d\" data-element_type=\"container\" data-settings=\"{&quot;content_width&quot;:&quot;boxed&quot;}\">\n\t\t\t\t\t<div class=\"e-con-inner\">\n\t\t<div class=\"elementor-element elementor-element-e8ab15a e-con-full e-con\" data-id=\"e8ab15a\" data-element_type=\"container\" data-settings=\"{&quot;content_width&quot;:&quot;full&quot;}\">\n\t\t\t\t<div class=\"elementor-element elementor-element-3c92bb8 elementor-widget elementor-widget-heading\" data-id=\"3c92bb8\" data-element_type=\"widget\" data-widget_type=\"heading.default\">\n\t\t\t\t<div class=\"elementor-widget-container\">\n\t\t\t<h2 class=\"elementor-heading-title elementor-size-default\">Conte com a 123 dedetizadora para te ajudar<\/h2>\t\t<\/div>\n\t\t\t\t<\/div>\n\t\t\t\t<div class=\"elementor-element elementor-element-143d4b8 elementor-widget elementor-widget-text-editor\" data-id=\"143d4b8\" data-element_type=\"widget\" data-widget_type=\"text-editor.default\">\n\t\t\t\t<div class=\"elementor-widget-container\">\n\t\t\t\t\t\t\t<p>Se voc\u00ea suspeita que a \u00e1gua da sua casa ou empresa esteja contaminada, \u00e9 importante agendar uma higieniza\u00e7\u00e3o de caixas d&#8217;\u00e1gua o mais r\u00e1pido poss\u00edvel. Os sintomas de contamina\u00e7\u00e3o podem incluir diarreia, v\u00f4mitos, dor abdominal, febre e outros problemas de sa\u00fade. A 123 Dedetizadora est\u00e1 preparada para atender a sua demanda e garantir a qualidade da \u00e1gua que voc\u00ea consome. Entre em contato conosco e solicite um or\u00e7amento para o servi\u00e7o de higieniza\u00e7\u00e3o de caixas d&#8217;\u00e1gua.<\/p>\t\t\t\t\t\t<\/div>\n\t\t\t\t<\/div>\n\t\t\t\t<\/div>\n\t\t<div class=\"elementor-element elementor-element-79364ea e-con-full e-con\" data-id=\"79364ea\" data-element_type=\"container\" data-settings=\"{&quot;content_width&quot;:&quot;full&quot;}\">\n\t\t\t\t<div class=\"elementor-element elementor-element-e31b311 elementor-widget elementor-widget-image\" data-id=\"e31b311\" data-element_type=\"widget\" data-widget_type=\"image.default\">\n\t\t\t\t<div class=\"elementor-widget-container\">\n\t\t\t\t\t\t\t\t\t\t\t\t\t\t\t<img decoding=\"async\" width=\"768\" height=\"1024\" src=\"https:\/\/123dedetizadora.com\/wp-content\/uploads\/2023\/03\/3e3fa9f1-3d77-4710-8422-de3b16819f88.jpg\" class=\"attachment-large size-large wp-image-322\" alt=\"\" loading=\"lazy\" srcset=\"https:\/\/123dedetizadora.com\/wp-content\/uploads\/2023\/03\/3e3fa9f1-3d77-4710-8422-de3b16819f88.jpg 768w, https:\/\/123dedetizadora.com\/wp-content\/uploads\/2023\/03\/3e3fa9f1-3d77-4710-8422-de3b16819f88-225x300.jpg 225w\" sizes=\"(max-width: 768px) 100vw, 768px\" \/>\t\t\t\t\t\t\t\t\t\t\t\t\t\t\t<\/div>\n\t\t\t\t<\/div>\n\t\t\t\t<\/div>\n\t\t\t\t\t<\/div>\n\t\t\t\t<\/div>\n\t\t<div class=\"elementor-element elementor-element-f5d7cda e-con-boxed e-con\" data-id=\"f5d7cda\" data-element_type=\"container\" data-settings=\"{&quot;background_background&quot;:&quot;classic&quot;,&quot;content_width&quot;:&quot;boxed&quot;}\">\n\t\t\t\t\t<div class=\"e-con-inner\">\n\t\t\t\t<div class=\"elementor-element elementor-element-983be95 elementor-view-default elementor-widget elementor-widget-icon\" data-id=\"983be95\" data-element_type=\"widget\" data-widget_type=\"icon.default\">\n\t\t\t\t<div class=\"elementor-widget-container\">\n\t\t\t\t\t<div class=\"elementor-icon-wrapper\">\n\t\t\t<div class=\"elementor-icon\">\n\t\t\t<svg xmlns=\"http:\/\/www.w3.org\/2000\/svg\" xmlns:xlink=\"http:\/\/www.w3.org\/1999\/xlink\" id=\"Layer_1\" viewBox=\"0 0 512 512\" xml:space=\"preserve\"><path style=\"fill:#F2F2F2;\" d=\"M509.653,113.512l-85.511-85.511c-1.505-1.503-3.543-2.347-5.669-2.347H93.528 c-4.428,0-8.017,3.588-8.017,8.017v470.313c0,4.428,3.588,8.017,8.017,8.017h410.455c4.428,0,8.017-3.588,8.017-8.017V119.182 C512,117.056,511.156,115.017,509.653,113.512z\"><\/path><g>\t<path style=\"fill:#E5E5E5;\" d=\"M511.982,118.826c-0.089-1.996-0.912-3.893-2.33-5.312L424.14,28.002  c-1.504-1.504-3.542-2.348-5.668-2.348h-0.356v85.156c0,4.427,3.589,8.017,8.017,8.017H511.982z\"><\/path>\t<path style=\"fill:#E5E5E5;\" d=\"M93.528,25.653c-4.428,0-8.017,3.588-8.017,8.017v470.313c0,4.428,3.588,8.017,8.017,8.017h375.888  L136.144,25.653H93.528z\"><\/path><\/g><path style=\"fill:#666666;\" d=\"M214.313,0H24.05C10.789,0,0,10.789,0,24.05v258.672c0,13.261,10.789,24.05,24.05,24.05h190.263 c13.261,0,24.05-10.789,24.05-24.05V24.05C238.363,10.789,227.574,0,214.313,0z\"><\/path><path style=\"fill:#F7D04A;\" d=\"M358.614,247.983c-65.717,0-119.182,53.465-119.182,119.182s53.465,119.182,119.182,119.182 s119.182-53.465,119.182-119.182S424.33,247.983,358.614,247.983z\"><\/path><path style=\"fill:#F3B41B;\" d=\"M382.129,462.831c-65.717,0-119.182-53.465-119.182-119.182c0-26.875,8.946-51.698,24.009-71.656 c-28.845,21.772-47.525,56.331-47.525,95.172c0,65.717,53.465,119.182,119.182,119.182c38.841,0,73.4-18.68,95.172-47.525 C433.828,453.885,409.005,462.831,382.129,462.831z\"><\/path><path style=\"fill:#EB6836;\" d=\"M376.915,360.217l-12.423-0.366v-44.528h28.326c4.428,0,8.017-3.588,8.017-8.017 c0-4.428-3.588-8.017-8.017-8.017h-28.326v-9.086c0-4.428-3.588-8.017-8.017-8.017c-4.428,0-8.017,3.588-8.017,8.017v9.086h-8.017 c-13.261,0-24.05,10.789-24.05,24.05v27.791c0,13.217,10.719,23.98,23.92,24.05l8.147,0.239v43.585h-24.05 c-4.428,0-8.017,3.588-8.017,8.017s3.588,8.017,8.017,8.017h24.05v9.086c0,4.428,3.588,8.017,8.017,8.017 c4.428,0,8.017-3.588,8.017-8.017v-9.086h12.292c13.261,0,24.05-10.789,24.05-24.05v-26.722 C400.835,371.05,390.116,360.288,376.915,360.217z M340.679,359.151c-0.078-0.002-0.157-0.003-0.236-0.003 c-4.421,0-8.017-3.596-8.017-8.017V323.34c0-4.421,3.596-8.017,8.017-8.017h8.017v44.057L340.679,359.151z M384.802,410.99 c0,4.421-3.596,8.017-8.017,8.017h-12.292v-43.114l12.056,0.355c0.078,0.002,0.157,0.003,0.236,0.003 c4.421,0,8.017,3.596,8.017,8.017V410.99z\"><\/path><path style=\"fill:#F2F2F2;\" d=\"M204.693,25.653H33.67c-4.428,0-8.017,3.588-8.017,8.017v42.756c0,4.428,3.588,8.017,8.017,8.017 h171.023c4.428,0,8.017-3.588,8.017-8.017V33.67C212.71,29.242,209.122,25.653,204.693,25.653z\"><\/path><g>\t<path style=\"fill:#62C9CC;\" d=\"M33.67,25.653c-4.428,0-8.017,3.588-8.017,8.017v42.756c0,4.428,3.588,8.017,8.017,8.017h34.739  l58.789-58.789H33.67z\"><\/path>\t<path style=\"fill:#62C9CC;\" d=\"M204.693,25.653h-29.929l-58.789,58.789h88.718c4.428,0,8.017-3.588,8.017-8.017V33.67  C212.71,29.242,209.122,25.653,204.693,25.653z\"><\/path><\/g><g>\t<path style=\"fill:#EF9D3C;\" d=\"M67.875,94.063H33.67c-4.428,0-8.017,3.588-8.017,8.017v34.205c0,4.428,3.588,8.017,8.017,8.017  h34.205c4.428,0,8.017-3.588,8.017-8.017v-34.205C75.891,97.651,72.303,94.063,67.875,94.063z\"><\/path>\t<path style=\"fill:#EF9D3C;\" d=\"M135.749,94.063h-34.205c-4.428,0-8.017,3.588-8.017,8.017v34.205c0,4.428,3.588,8.017,8.017,8.017  h34.205c4.428,0,8.017-3.588,8.017-8.017v-34.205C143.766,97.651,140.178,94.063,135.749,94.063z\"><\/path>\t<path style=\"fill:#EF9D3C;\" d=\"M67.875,162.472H33.67c-4.428,0-8.017,3.588-8.017,8.017v34.205c0,4.428,3.588,8.017,8.017,8.017  h34.205c4.428,0,8.017-3.588,8.017-8.017v-34.205C75.891,166.06,72.303,162.472,67.875,162.472z\"><\/path>\t<path style=\"fill:#EF9D3C;\" d=\"M135.749,162.472h-34.205c-4.428,0-8.017,3.588-8.017,8.017v34.205c0,4.428,3.588,8.017,8.017,8.017  h34.205c4.428,0,8.017-3.588,8.017-8.017v-34.205C143.766,166.06,140.178,162.472,135.749,162.472z\"><\/path>\t<path style=\"fill:#EF9D3C;\" d=\"M67.875,230.881H33.67c-4.428,0-8.017,3.588-8.017,8.017v34.205c0,4.428,3.588,8.017,8.017,8.017  h34.205c4.428,0,8.017-3.588,8.017-8.017v-34.205C75.891,234.469,72.303,230.881,67.875,230.881z\"><\/path>\t<path style=\"fill:#EF9D3C;\" d=\"M135.749,230.881h-34.205c-4.428,0-8.017,3.588-8.017,8.017v34.205c0,4.428,3.588,8.017,8.017,8.017  h34.205c4.428,0,8.017-3.588,8.017-8.017v-34.205C143.766,234.469,140.178,230.881,135.749,230.881z\"><\/path>\t<path style=\"fill:#EF9D3C;\" d=\"M204.159,94.063h-34.205c-4.428,0-8.017,3.588-8.017,8.017v34.205c0,4.428,3.588,8.017,8.017,8.017  h34.205c4.428,0,8.017-3.588,8.017-8.017v-34.205C212.175,97.651,208.587,94.063,204.159,94.063z\"><\/path><\/g><path style=\"fill:#F7D04A;\" d=\"M204.693,162.472h-34.205c-4.428,0-8.017,3.588-8.017,8.017v102.614c0,4.428,3.588,8.017,8.017,8.017 h34.205c4.428,0,8.017-3.588,8.017-8.017V170.489C212.71,166.06,209.122,162.472,204.693,162.472z\"><\/path><path style=\"fill:#666666;\" d=\"M297.846,92.994c-2.183,0-4.358-0.886-5.941-2.632l-15.51-17.102 c-2.974-3.279-2.727-8.35,0.554-11.324c3.276-2.976,8.349-2.729,11.324,0.554l15.51,17.102c2.974,3.279,2.727,8.35-0.554,11.324 C301.695,92.308,299.767,92.994,297.846,92.994z\"><\/path><g>\t<path style=\"fill:#62C9CC;\" d=\"M464.11,214.126L336.377,86.391c-1.12-1.119-2.545-1.882-4.097-2.192l-30.233-6.046  c-2.627-0.522-5.344,0.297-7.241,2.192c-1.894,1.895-2.717,4.612-2.192,7.241l6.046,30.233c0.31,1.552,1.073,2.977,2.192,4.097  l127.735,127.735c5.116,5.116,12.417,7.67,19.607,6.89c6.428-0.697,11.449-3.932,15.917-8.402  C473.488,238.761,473.488,223.505,464.11,214.126z\"><\/path>\t\t\t<rect x=\"300.46\" y=\"122.86\" transform=\"matrix(-0.7071 -0.7071 0.7071 -0.7071 514.0678 508.8909)\" style=\"fill:#62C9CC;\" width=\"123.937\" height=\"50.238\"><\/rect><\/g><path style=\"fill:#F7D04A;\" d=\"M302.047,78.153c-5.513-1.096-10.535,3.916-9.433,9.433l6.046,30.233 c0.31,1.552,1.073,2.977,2.192,4.097l35.525-35.525c-1.12-1.119-2.545-1.882-4.097-2.192L302.047,78.153z\"><\/path><path style=\"fill:#50A9A9;\" d=\"M464.11,214.126l-40.095-40.095l-35.525,35.525l40.095,40.095c5.021,5.021,12.2,7.479,19.248,6.84 c6.562-0.595,11.719-3.795,16.276-8.351C473.488,238.761,473.488,223.505,464.11,214.126z\"><\/path><path style=\"fill:#666666;\" d=\"M451.639,221.01c-2.051,0-4.103-0.782-5.669-2.347c-3.131-3.132-3.131-8.207,0-11.338l12.323-12.322 l-37.701-35.802c-3.211-3.05-3.342-8.124-0.293-11.333c3.051-3.211,8.125-3.342,11.333-0.293l43.668,41.467 c1.568,1.489,2.469,3.548,2.496,5.71c0.028,2.161-0.819,4.243-2.346,5.772l-18.14,18.14 C455.742,220.226,453.69,221.01,451.639,221.01z\"><\/path><g>\t<path style=\"fill:#808080;\" d=\"M198.28,383.733h-53.445c-4.428,0-8.017-3.588-8.017-8.017c0-4.428,3.588-8.017,8.017-8.017h53.445  c4.428,0,8.017,3.588,8.017,8.017C206.296,380.145,202.708,383.733,198.28,383.733z\"><\/path>\t<path style=\"fill:#808080;\" d=\"M198.28,426.489h-53.445c-4.428,0-8.017-3.588-8.017-8.017s3.588-8.017,8.017-8.017h53.445  c4.428,0,8.017,3.588,8.017,8.017S202.708,426.489,198.28,426.489z\"><\/path><\/g><\/svg>\t\t\t<\/div>\n\t\t<\/div>\n\t\t\t\t<\/div>\n\t\t\t\t<\/div>\n\t\t\t\t<div class=\"elementor-element elementor-element-b65b35b elementor-widget elementor-widget-heading\" data-id=\"b65b35b\" data-element_type=\"widget\" data-widget_type=\"heading.default\">\n\t\t\t\t<div class=\"elementor-widget-container\">\n\t\t\t<h2 class=\"elementor-heading-title elementor-size-default\">Pre\u00e7o competitivo e ajust\u00e1vel para sua necessidade<\/h2>\t\t<\/div>\n\t\t\t\t<\/div>\n\t\t\t\t<div class=\"elementor-element elementor-element-27c2d01 elementor-align-center elementor-widget elementor-widget-button\" data-id=\"27c2d01\" data-element_type=\"widget\" data-widget_type=\"button.default\">\n\t\t\t\t<div class=\"elementor-widget-container\">\n\t\t\t\t\t<div class=\"elementor-button-wrapper\">\n\t\t\t<a href=\"https:\/\/wa.me\/5562984744170?text=Ol%C3%A1%2C+gostaria+de+um+or%C3%A7amento\" class=\"elementor-button-link elementor-button elementor-size-sm\" role=\"button\">\n\t\t\t\t\t\t<span class=\"elementor-button-content-wrapper\">\n\t\t\t\t\t\t<span class=\"elementor-button-text\">SOLICITAR OR\u00c7AMENTO<\/span>\n\t\t<\/span>\n\t\t\t\t\t<\/a>\n\t\t<\/div>\n\t\t\t\t<\/div>\n\t\t\t\t<\/div>\n\t\t\t\t\t<\/div>\n\t\t\t\t<\/div>\n\t\t\t\t\t\t\t<\/div>\n\t\t","protected":false},"excerpt":{"rendered":"<p>Higieniza\u00e7\u00e3o Mantenha seus reservat\u00f3rios limpos A higieniza\u00e7\u00e3o de caixas d&#8217;\u00e1gua \u00e9 essencial para garantir a qualidade da \u00e1gua que chega \u00e0s resid\u00eancias e empresas. A falta de manuten\u00e7\u00e3o pode levar \u00e0 prolifera\u00e7\u00e3o de bact\u00e9rias, fungos e outros micro-organismos, que podem causar doen\u00e7as graves, como a leptospirose, a hepatite A e a dengue. Al\u00e9m disso, a [&hellip;]<\/p>\n","protected":false},"author":1,"featured_media":0,"parent":0,"menu_order":0,"comment_status":"closed","ping_status":"closed","template":"","meta":[],"yoast_head":"<!-- This site is optimized with the Yoast SEO plugin v20.3 - https:\/\/yoast.com\/wordpress\/plugins\/seo\/ -->\n<title>higieniza\u00e7\u00e3o - 123 Dedetizadora<\/title>\n<meta name=\"description\" content=\"A 123 Dedetizadora oferece servi\u00e7os de higieniza\u00e7\u00e3o de caixas de agua e reservat\u00f3rio com certifica\u00e7\u00e3o t\u00e9cnica e garantia.\" \/>\n<meta name=\"robots\" content=\"index, follow, max-snippet:-1, max-image-preview:large, max-video-preview:-1\" \/>\n<link rel=\"canonical\" href=\"https:\/\/123dedetizadora.com\/index.php\/higienizacao\/\" \/>\n<meta property=\"og:locale\" content=\"pt_BR\" \/>\n<meta property=\"og:type\" content=\"article\" \/>\n<meta property=\"og:title\" content=\"higieniza\u00e7\u00e3o - 123 Dedetizadora\" \/>\n<meta property=\"og:description\" content=\"A 123 Dedetizadora oferece servi\u00e7os de higieniza\u00e7\u00e3o de caixas de agua e reservat\u00f3rio com certifica\u00e7\u00e3o t\u00e9cnica e garantia.\" \/>\n<meta property=\"og:url\" content=\"https:\/\/123dedetizadora.com\/index.php\/higienizacao\/\" \/>\n<meta property=\"og:site_name\" content=\"123 Dedetizadora\" \/>\n<meta property=\"article:modified_time\" content=\"2023-03-27T16:13:40+00:00\" \/>\n<meta property=\"og:image\" content=\"https:\/\/123dedetizadora.com\/wp-content\/uploads\/2023\/03\/52F348D5-F42C-4D09-B241-9E1EBBAD431F-1024x1024.jpeg\" \/>\n<meta name=\"twitter:card\" content=\"summary_large_image\" \/>\n<meta name=\"twitter:label1\" content=\"Est. tempo de leitura\" \/>\n\t<meta name=\"twitter:data1\" content=\"2 minutos\" \/>\n<script type=\"application\/ld+json\" class=\"yoast-schema-graph\">{\"@context\":\"https:\/\/schema.org\",\"@graph\":[{\"@type\":\"WebPage\",\"@id\":\"https:\/\/123dedetizadora.com\/index.php\/higienizacao\/\",\"url\":\"https:\/\/123dedetizadora.com\/index.php\/higienizacao\/\",\"name\":\"higieniza\u00e7\u00e3o - 123 Dedetizadora\",\"isPartOf\":{\"@id\":\"https:\/\/123dedetizadora.com\/#website\"},\"datePublished\":\"2023-03-26T23:43:21+00:00\",\"dateModified\":\"2023-03-27T16:13:40+00:00\",\"description\":\"A 123 Dedetizadora oferece servi\u00e7os de higieniza\u00e7\u00e3o de caixas de agua e reservat\u00f3rio com certifica\u00e7\u00e3o t\u00e9cnica e garantia.\",\"breadcrumb\":{\"@id\":\"https:\/\/123dedetizadora.com\/index.php\/higienizacao\/#breadcrumb\"},\"inLanguage\":\"pt-BR\",\"potentialAction\":[{\"@type\":\"ReadAction\",\"target\":[\"https:\/\/123dedetizadora.com\/index.php\/higienizacao\/\"]}]},{\"@type\":\"BreadcrumbList\",\"@id\":\"https:\/\/123dedetizadora.com\/index.php\/higienizacao\/#breadcrumb\",\"itemListElement\":[{\"@type\":\"ListItem\",\"position\":1,\"name\":\"In\u00edcio\",\"item\":\"https:\/\/123dedetizadora.com\/\"},{\"@type\":\"ListItem\",\"position\":2,\"name\":\"higieniza\u00e7\u00e3o\"}]},{\"@type\":\"WebSite\",\"@id\":\"https:\/\/123dedetizadora.com\/#website\",\"url\":\"https:\/\/123dedetizadora.com\/\",\"name\":\"123 Dedetizadora\",\"description\":\"\",\"publisher\":{\"@id\":\"https:\/\/123dedetizadora.com\/#organization\"},\"potentialAction\":[{\"@type\":\"SearchAction\",\"target\":{\"@type\":\"EntryPoint\",\"urlTemplate\":\"https:\/\/123dedetizadora.com\/?s={search_term_string}\"},\"query-input\":\"required name=search_term_string\"}],\"inLanguage\":\"pt-BR\"},{\"@type\":\"Organization\",\"@id\":\"https:\/\/123dedetizadora.com\/#organization\",\"name\":\"123 Dedetizadora\",\"url\":\"https:\/\/123dedetizadora.com\/\",\"logo\":{\"@type\":\"ImageObject\",\"inLanguage\":\"pt-BR\",\"@id\":\"https:\/\/123dedetizadora.com\/#\/schema\/logo\/image\/\",\"url\":\"https:\/\/123dedetizadora.com\/wp-content\/uploads\/2023\/03\/roxsyj.jpeg\",\"contentUrl\":\"https:\/\/123dedetizadora.com\/wp-content\/uploads\/2023\/03\/roxsyj.jpeg\",\"width\":1600,\"height\":468,\"caption\":\"123 Dedetizadora\"},\"image\":{\"@id\":\"https:\/\/123dedetizadora.com\/#\/schema\/logo\/image\/\"}}]}<\/script>\n<!-- \/ Yoast SEO plugin. -->","yoast_head_json":{"title":"higieniza\u00e7\u00e3o - 123 Dedetizadora","description":"A 123 Dedetizadora oferece servi\u00e7os de higieniza\u00e7\u00e3o de caixas de agua e reservat\u00f3rio com certifica\u00e7\u00e3o t\u00e9cnica e garantia.","robots":{"index":"index","follow":"follow","max-snippet":"max-snippet:-1","max-image-preview":"max-image-preview:large","max-video-preview":"max-video-preview:-1"},"canonical":"https:\/\/123dedetizadora.com\/index.php\/higienizacao\/","og_locale":"pt_BR","og_type":"article","og_title":"higieniza\u00e7\u00e3o - 123 Dedetizadora","og_description":"A 123 Dedetizadora oferece servi\u00e7os de higieniza\u00e7\u00e3o de caixas de agua e reservat\u00f3rio com certifica\u00e7\u00e3o t\u00e9cnica e garantia.","og_url":"https:\/\/123dedetizadora.com\/index.php\/higienizacao\/","og_site_name":"123 Dedetizadora","article_modified_time":"2023-03-27T16:13:40+00:00","og_image":[{"url":"https:\/\/123dedetizadora.com\/wp-content\/uploads\/2023\/03\/52F348D5-F42C-4D09-B241-9E1EBBAD431F-1024x1024.jpeg"}],"twitter_card":"summary_large_image","twitter_misc":{"Est. tempo de leitura":"2 minutos"},"schema":{"@context":"https:\/\/schema.org","@graph":[{"@type":"WebPage","@id":"https:\/\/123dedetizadora.com\/index.php\/higienizacao\/","url":"https:\/\/123dedetizadora.com\/index.php\/higienizacao\/","name":"higieniza\u00e7\u00e3o - 123 Dedetizadora","isPartOf":{"@id":"https:\/\/123dedetizadora.com\/#website"},"datePublished":"2023-03-26T23:43:21+00:00","dateModified":"2023-03-27T16:13:40+00:00","description":"A 123 Dedetizadora oferece servi\u00e7os de higieniza\u00e7\u00e3o de caixas de agua e reservat\u00f3rio com certifica\u00e7\u00e3o t\u00e9cnica e garantia.","breadcrumb":{"@id":"https:\/\/123dedetizadora.com\/index.php\/higienizacao\/#breadcrumb"},"inLanguage":"pt-BR","potentialAction":[{"@type":"ReadAction","target":["https:\/\/123dedetizadora.com\/index.php\/higienizacao\/"]}]},{"@type":"BreadcrumbList","@id":"https:\/\/123dedetizadora.com\/index.php\/higienizacao\/#breadcrumb","itemListElement":[{"@type":"ListItem","position":1,"name":"In\u00edcio","item":"https:\/\/123dedetizadora.com\/"},{"@type":"ListItem","position":2,"name":"higieniza\u00e7\u00e3o"}]},{"@type":"WebSite","@id":"https:\/\/123dedetizadora.com\/#website","url":"https:\/\/123dedetizadora.com\/","name":"123 Dedetizadora","description":"","publisher":{"@id":"https:\/\/123dedetizadora.com\/#organization"},"potentialAction":[{"@type":"SearchAction","target":{"@type":"EntryPoint","urlTemplate":"https:\/\/123dedetizadora.com\/?s={search_term_string}"},"query-input":"required name=search_term_string"}],"inLanguage":"pt-BR"},{"@type":"Organization","@id":"https:\/\/123dedetizadora.com\/#organization","name":"123 Dedetizadora","url":"https:\/\/123dedetizadora.com\/","logo":{"@type":"ImageObject","inLanguage":"pt-BR","@id":"https:\/\/123dedetizadora.com\/#\/schema\/logo\/image\/","url":"https:\/\/123dedetizadora.com\/wp-content\/uploads\/2023\/03\/roxsyj.jpeg","contentUrl":"https:\/\/123dedetizadora.com\/wp-content\/uploads\/2023\/03\/roxsyj.jpeg","width":1600,"height":468,"caption":"123 Dedetizadora"},"image":{"@id":"https:\/\/123dedetizadora.com\/#\/schema\/logo\/image\/"}}]}},"_links":{"self":[{"href":"https:\/\/123dedetizadora.com\/index.php\/wp-json\/wp\/v2\/pages\/319"}],"collection":[{"href":"https:\/\/123dedetizadora.com\/index.php\/wp-json\/wp\/v2\/pages"}],"about":[{"href":"https:\/\/123dedetizadora.com\/index.php\/wp-json\/wp\/v2\/types\/page"}],"author":[{"embeddable":true,"href":"https:\/\/123dedetizadora.com\/index.php\/wp-json\/wp\/v2\/users\/1"}],"replies":[{"embeddable":true,"href":"https:\/\/123dedetizadora.com\/index.php\/wp-json\/wp\/v2\/comments?post=319"}],"version-history":[{"count":8,"href":"https:\/\/123dedetizadora.com\/index.php\/wp-json\/wp\/v2\/pages\/319\/revisions"}],"predecessor-version":[{"id":440,"href":"https:\/\/123dedetizadora.com\/index.php\/wp-json\/wp\/v2\/pages\/319\/revisions\/440"}],"wp:attachment":[{"href":"https:\/\/123dedetizadora.com\/index.php\/wp-json\/wp\/v2\/media?parent=319"}],"curies":[{"name":"wp","href":"https:\/\/api.w.org\/{rel}","templated":true}]}}